{"id":14,"date":"2016-07-10T21:30:06","date_gmt":"2016-07-10T19:30:06","guid":{"rendered":"http:\/\/mv-hilzingen.de\/?page_id=14"},"modified":"2022-05-28T18:59:14","modified_gmt":"2022-05-28T16:59:14","slug":"musikverein","status":"publish","type":"page","link":"https:\/\/mv-hilzingen.de\/index.php\/musikverein\/","title":{"rendered":"Musikverein Hilzingen"},"content":{"rendered":"<p style=\"text-align: center;\"><span style=\"font-size: 18pt;\">Herzlich Willkommen beim Musikverein Hilzingen e.V.!<\/span><\/p>\n<p><span style=\"font-size: 14pt;\">Auf den folgenden Seiten gibt es Infos \u00fcber uns wie unsere n\u00e4chsten Auftritte \/ Termine, die Vorstandschaft, Kontaktm\u00f6glichkeiten und einige Bilder. Au\u00dferdem nat\u00fcrlich alles zu unserem Festzelt an der <a href=\"http:\/\/kirchweih-hilzingen.de\/\">Kirchweih Hilzingen<\/a>.<\/span><\/p>\n<p><span style=\"font-size: 14pt;\">Der Musikverein Hilzingen besteht aus verschiedenen Gruppen:<\/span><\/p>\n<ul>\n<li><span style=\"font-size: 14pt;\">Unsere Jugend\u00a0<a href=\"http:\/\/bigband.mv-hilzingen.de\/\">BigBand Soundblaster <\/a><\/span><\/li>\n<li><span style=\"font-size: 14pt;\">Die Hauptkapelle des Musikvereins<\/span><\/li>\n<li><span style=\"font-size: 14pt;\">Die passiven Mitglieder<\/span><\/li>\n<li><span style=\"font-size: 14pt;\">Die Seniorengruppe<\/span><\/li>\n<\/ul>\n<p><span style=\"font-size: 14pt;\">Eine \u00dcbersicht \u00fcber die Register aus der Hauptkapelle finden Sie hier: <a href=\"https:\/\/mv-hilzingen.de\/index.php\/registeruebersicht\/\">Register\u00fcbersicht<\/a><\/span><\/p>\n<p><span style=\"font-size: 14pt;\">Falls Sie den Musikverein Hilzingen unterst\u00fctzen m\u00f6chten, freuen wir uns, wenn Sie passives Mitglied werden. Laden Sie einfach das Beitrittsformular hier herunter und schicken es uns per Mail oder Post!<\/span><\/p>\n<p><span style=\"font-size: 14pt;\"><a href=\"http:\/\/mv-hilzingen.de\/wp-content\/uploads\/Beitrittsformular_MVH_passiv.pdf\">Download des Beitrittsformular f\u00fcr passive Mitglieder<\/a><\/span><\/p>\n","protected":false},"excerpt":{"rendered":"<p>Herzlich Willkommen beim Musikverein Hilzingen e.V.! Auf den folgenden Seiten gibt es Infos \u00fcber uns wie unsere n\u00e4chsten Auftritte \/ Termine, die Vorstandschaft, Kontaktm\u00f6glichkeiten und einige Bilder. Au\u00dferdem nat\u00fcrlich alles zu unserem Festzelt an der Kirchweih Hilzingen. Der Musikverein Hilzingen<\/p>\n","protected":false},"author":1,"featured_media":4,"parent":0,"menu_order":0,"comment_status":"closed","ping_status":"closed","template":"","meta":{"footnotes":""},"class_list":["post-14","page","type-page","status-publish","has-post-thumbnail","hentry"],"_links":{"self":[{"href":"https:\/\/mv-hilzingen.de\/index.php\/wp-json\/wp\/v2\/pages\/14","targetHints":{"allow":["GET"]}}],"collection":[{"href":"https:\/\/mv-hilzingen.de\/index.php\/wp-json\/wp\/v2\/pages"}],"about":[{"href":"https:\/\/mv-hilzingen.de\/index.php\/wp-json\/wp\/v2\/types\/page"}],"author":[{"embeddable":true,"href":"https:\/\/mv-hilzingen.de\/index.php\/wp-json\/wp\/v2\/users\/1"}],"replies":[{"embeddable":true,"href":"https:\/\/mv-hilzingen.de\/index.php\/wp-json\/wp\/v2\/comments?post=14"}],"version-history":[{"count":7,"href":"https:\/\/mv-hilzingen.de\/index.php\/wp-json\/wp\/v2\/pages\/14\/revisions"}],"predecessor-version":[{"id":334,"href":"https:\/\/mv-hilzingen.de\/index.php\/wp-json\/wp\/v2\/pages\/14\/revisions\/334"}],"wp:featuredmedia":[{"embeddable":true,"href":"https:\/\/mv-hilzingen.de\/index.php\/wp-json\/wp\/v2\/media\/4"}],"wp:attachment":[{"href":"https:\/\/mv-hilzingen.de\/index.php\/wp-json\/wp\/v2\/media?parent=14"}],"curies":[{"name":"wp","href":"https:\/\/api.w.org\/{rel}","templated":true}]}}